{"id":4567,"date":"2018-01-11T15:15:23","date_gmt":"2018-01-11T15:15:23","guid":{"rendered":"http:\/\/www.eco-schuhe.de\/?page_id=4567"},"modified":"2018-01-11T15:15:23","modified_gmt":"2018-01-11T15:15:23","slug":"unternehmen","status":"publish","type":"page","link":"https:\/\/ECO-Schuhe.de\/?page_id=4567","title":{"rendered":"Unternehmen"},"content":{"rendered":"\t\t<div data-elementor-type=\"wp-page\" data-elementor-id=\"4567\" class=\"elementor elementor-4567 elementor-bc-flex-widget\">\n\t\t\t\t\t\t<section class=\"elementor-section elementor-top-section elementor-element elementor-element-3195f15 elementor-section-boxed elementor-section-height-default elementor-section-height-default\" data-id=\"3195f15\" data-element_type=\"section\">\n\t\t\t\t\t\t<div class=\"elementor-container elementor-column-gap-default\">\n\t\t\t\t\t<div class=\"elementor-column elementor-col-100 elementor-top-column elementor-element elementor-element-1bdb655\" data-id=\"1bdb655\" data-element_type=\"column\">\n\t\t\t<div class=\"elementor-widget-wrap elementor-element-populated\">\n\t\t\t\t\t\t<div class=\"elementor-element elementor-element-416ffc3 elementor-widget elementor-widget-spacer\" data-id=\"416ffc3\" data-element_type=\"widget\" data-widget_type=\"spacer.default\">\n\t\t\t\t<div class=\"elementor-widget-container\">\n\t\t\t\t\t\t\t<div class=\"elementor-spacer\">\n\t\t\t<div class=\"elementor-spacer-inner\"><\/div>\n\t\t<\/div>\n\t\t\t\t\t\t<\/div>\n\t\t\t\t<\/div>\n\t\t\t\t\t<\/div>\n\t\t<\/div>\n\t\t\t\t\t<\/div>\n\t\t<\/section>\n\t\t\t\t<section class=\"elementor-section elementor-top-section elementor-element elementor-element-fe5f5d4 elementor-section-boxed elementor-section-height-default elementor-section-height-default\" data-id=\"fe5f5d4\" data-element_type=\"section\">\n\t\t\t\t\t\t<div class=\"elementor-container elementor-column-gap-default\">\n\t\t\t\t\t<div class=\"elementor-column elementor-col-100 elementor-top-column elementor-element elementor-element-2570b38\" data-id=\"2570b38\" data-element_type=\"column\">\n\t\t\t<div class=\"elementor-widget-wrap elementor-element-populated\">\n\t\t\t\t\t\t<div class=\"elementor-element elementor-element-0fedf96 elementor-widget elementor-widget-heading\" data-id=\"0fedf96\" data-element_type=\"widget\" data-widget_type=\"heading.default\">\n\t\t\t\t<div class=\"elementor-widget-container\">\n\t\t\t\t\t<h4 class=\"elementor-heading-title elementor-size-default\">Daten &amp; Fakten<\/h4>\t\t\t\t<\/div>\n\t\t\t\t<\/div>\n\t\t\t\t<section class=\"elementor-section elementor-inner-section elementor-element elementor-element-551e66f elementor-section-boxed elementor-section-height-default elementor-section-height-default\" data-id=\"551e66f\" data-element_type=\"section\">\n\t\t\t\t\t\t<div class=\"elementor-container elementor-column-gap-default\">\n\t\t\t\t\t<div class=\"elementor-column elementor-col-50 elementor-inner-column elementor-element elementor-element-e3e0794\" data-id=\"e3e0794\" data-element_type=\"column\">\n\t\t\t<div class=\"elementor-widget-wrap elementor-element-populated\">\n\t\t\t\t\t\t<div class=\"elementor-element elementor-element-e41bb7a elementor-widget elementor-widget-image\" data-id=\"e41bb7a\" data-element_type=\"widget\" data-widget_type=\"image.default\">\n\t\t\t\t<div class=\"elementor-widget-container\">\n\t\t\t\t\t\t\t\t\t\t\t\t\t\t\t<img fetchpriority=\"high\" decoding=\"async\" width=\"300\" height=\"242\" src=\"https:\/\/ECO-Schuhe.de\/wp-content\/uploads\/2018\/01\/monika-gerd-1.jpg\" class=\"attachment-large size-large wp-image-4568\" alt=\"\" \/>\t\t\t\t\t\t\t\t\t\t\t\t\t\t\t<\/div>\n\t\t\t\t<\/div>\n\t\t\t\t\t<\/div>\n\t\t<\/div>\n\t\t\t\t<div class=\"elementor-column elementor-col-50 elementor-inner-column elementor-element elementor-element-09c8ffe\" data-id=\"09c8ffe\" data-element_type=\"column\">\n\t\t\t<div class=\"elementor-widget-wrap elementor-element-populated\">\n\t\t\t\t\t\t<div class=\"elementor-element elementor-element-5e2e5d5 elementor-widget elementor-widget-text-editor\" data-id=\"5e2e5d5\" data-element_type=\"widget\" data-widget_type=\"text-editor.default\">\n\t\t\t\t<div class=\"elementor-widget-container\">\n\t\t\t\t\t\t\t\t\t<p>Die Firma Eco-Schuhe wurde 1976 von Monika und Hartmut St\u00f6\u00df gegr\u00fcndet.<br \/>Beide stammen aus traditionellen Schuhfamilien der Schuhregion Pirmasens.<strong><br \/><\/strong><\/p><p><strong>Inhaber:<\/strong><br \/>Kerstin Debnar<\/p><p><b>Sitz des Unternehmens:<\/b><br \/>Schlo\u00dfstra\u00dfe 27, 67714 Waldfischbach<br \/>Telefon: +49 6333\/955044<br \/>FAX: +49 6333\/4517<br \/>Email: info@eco-schuhe.de<\/p><p><b>Gesch\u00e4ftsf\u00fchrerin:<\/b><br \/>Kerstin Debnar<\/p><p><b>Mitarbeiter:<\/b><br \/>Rund 70 Besch\u00e4ftigte<\/p><p><b>Filialen:<\/b><br \/>5 Filialen in Baden-W\u00fcrttemberg<\/p>\t\t\t\t\t\t\t\t<\/div>\n\t\t\t\t<\/div>\n\t\t\t\t\t<\/div>\n\t\t<\/div>\n\t\t\t\t\t<\/div>\n\t\t<\/section>\n\t\t\t\t\t<\/div>\n\t\t<\/div>\n\t\t\t\t\t<\/div>\n\t\t<\/section>\n\t\t\t\t<section class=\"elementor-section elementor-top-section elementor-element elementor-element-1d7cb42 elementor-section-boxed elementor-section-height-default elementor-section-height-default\" data-id=\"1d7cb42\" data-element_type=\"section\">\n\t\t\t\t\t\t<div class=\"elementor-container elementor-column-gap-default\">\n\t\t\t\t\t<div class=\"elementor-column elementor-col-100 elementor-top-column elementor-element elementor-element-5fc4d04\" data-id=\"5fc4d04\" data-element_type=\"column\">\n\t\t\t<div class=\"elementor-widget-wrap elementor-element-populated\">\n\t\t\t\t\t\t<div class=\"elementor-element elementor-element-678dfb3 elementor-widget elementor-widget-spacer\" data-id=\"678dfb3\" data-element_type=\"widget\" data-widget_type=\"spacer.default\">\n\t\t\t\t<div class=\"elementor-widget-container\">\n\t\t\t\t\t\t\t<div class=\"elementor-spacer\">\n\t\t\t<div class=\"elementor-spacer-inner\"><\/div>\n\t\t<\/div>\n\t\t\t\t\t\t<\/div>\n\t\t\t\t<\/div>\n\t\t\t\t<div class=\"elementor-element elementor-element-2277b3f elementor-widget elementor-widget-heading\" data-id=\"2277b3f\" data-element_type=\"widget\" data-widget_type=\"heading.default\">\n\t\t\t\t<div class=\"elementor-widget-container\">\n\t\t\t\t\t<h4 class=\"elementor-heading-title elementor-size-default\">Geschichte<\/h4>\t\t\t\t<\/div>\n\t\t\t\t<\/div>\n\t\t\t\t<section class=\"elementor-section elementor-inner-section elementor-element elementor-element-27cd258 elementor-section-boxed elementor-section-height-default elementor-section-height-default\" data-id=\"27cd258\" data-element_type=\"section\">\n\t\t\t\t\t\t<div class=\"elementor-container elementor-column-gap-default\">\n\t\t\t\t\t<div class=\"elementor-column elementor-col-33 elementor-inner-column elementor-element elementor-element-108b7b3\" data-id=\"108b7b3\" data-element_type=\"column\">\n\t\t\t<div class=\"elementor-widget-wrap elementor-element-populated\">\n\t\t\t\t\t\t<div class=\"elementor-element elementor-element-20156bc elementor-widget elementor-widget-image\" data-id=\"20156bc\" data-element_type=\"widget\" data-widget_type=\"image.default\">\n\t\t\t\t<div class=\"elementor-widget-container\">\n\t\t\t\t\t\t\t\t\t\t\t\t\t\t\t<img decoding=\"async\" width=\"200\" height=\"232\" src=\"https:\/\/ECO-Schuhe.de\/wp-content\/uploads\/2018\/01\/eco-geschichte1_neu-1.jpg\" class=\"attachment-large size-large wp-image-4569\" alt=\"\" \/>\t\t\t\t\t\t\t\t\t\t\t\t\t\t\t<\/div>\n\t\t\t\t<\/div>\n\t\t\t\t\t<\/div>\n\t\t<\/div>\n\t\t\t\t<div class=\"elementor-column elementor-col-33 elementor-inner-column elementor-element elementor-element-a6d6d37\" data-id=\"a6d6d37\" data-element_type=\"column\">\n\t\t\t<div class=\"elementor-widget-wrap elementor-element-populated\">\n\t\t\t\t\t\t<div class=\"elementor-element elementor-element-7a3ac2f elementor-widget elementor-widget-text-editor\" data-id=\"7a3ac2f\" data-element_type=\"widget\" data-widget_type=\"text-editor.default\">\n\t\t\t\t<div class=\"elementor-widget-container\">\n\t\t\t\t\t\t\t\t\t<ul><li>1976 Gr\u00fcndung der Firma ECO-Schuhe in Waldfischbach -Burgalben.<\/li><li>1985 Er\u00f6ffnung der Filiale Karlsbad.<\/li><li>1983 Er\u00f6ffnung der Filiale Metzingen.<\/li><li>1991 Er\u00f6ffnung der Filiale Renningen.<\/li><li>1993 Firma ECO-Schuhe wird zur GmbH.<\/li><li>2006 Er\u00f6ffnung der Filiale Gerlingen.<\/li><li>2013 Er\u00f6ffnung der Filiale in Fellbach<\/li><li>2020 \u00dcbernahme Gesch\u00e4ftsf\u00fchrung Kerstin Debnar<\/li><\/ul>\t\t\t\t\t\t\t\t<\/div>\n\t\t\t\t<\/div>\n\t\t\t\t\t<\/div>\n\t\t<\/div>\n\t\t\t\t<div class=\"elementor-column elementor-col-33 elementor-inner-column elementor-element elementor-element-2bb1e94\" data-id=\"2bb1e94\" data-element_type=\"column\">\n\t\t\t<div class=\"elementor-widget-wrap elementor-element-populated\">\n\t\t\t\t\t\t<div class=\"elementor-element elementor-element-6036f22 elementor-widget elementor-widget-image\" data-id=\"6036f22\" data-element_type=\"widget\" data-widget_type=\"image.default\">\n\t\t\t\t<div class=\"elementor-widget-container\">\n\t\t\t\t\t\t\t\t\t\t\t\t\t\t\t<img decoding=\"async\" width=\"200\" height=\"232\" src=\"https:\/\/ECO-Schuhe.de\/wp-content\/uploads\/2018\/01\/tuete-1.jpg\" class=\"attachment-large size-large wp-image-4570\" alt=\"\" \/>\t\t\t\t\t\t\t\t\t\t\t\t\t\t\t<\/div>\n\t\t\t\t<\/div>\n\t\t\t\t\t<\/div>\n\t\t<\/div>\n\t\t\t\t\t<\/div>\n\t\t<\/section>\n\t\t\t\t\t<\/div>\n\t\t<\/div>\n\t\t\t\t\t<\/div>\n\t\t<\/section>\n\t\t\t\t<section class=\"elementor-section elementor-top-section elementor-element elementor-element-a3d1478 elementor-section-boxed elementor-section-height-default elementor-section-height-default\" data-id=\"a3d1478\" data-element_type=\"section\">\n\t\t\t\t\t\t<div class=\"elementor-container elementor-column-gap-default\">\n\t\t\t\t\t<div class=\"elementor-column elementor-col-100 elementor-top-column elementor-element elementor-element-45f0316\" data-id=\"45f0316\" data-element_type=\"column\">\n\t\t\t<div class=\"elementor-widget-wrap elementor-element-populated\">\n\t\t\t\t\t\t<div class=\"elementor-element elementor-element-57bfecf elementor-widget elementor-widget-spacer\" data-id=\"57bfecf\" data-element_type=\"widget\" data-widget_type=\"spacer.default\">\n\t\t\t\t<div class=\"elementor-widget-container\">\n\t\t\t\t\t\t\t<div class=\"elementor-spacer\">\n\t\t\t<div class=\"elementor-spacer-inner\"><\/div>\n\t\t<\/div>\n\t\t\t\t\t\t<\/div>\n\t\t\t\t<\/div>\n\t\t\t\t<div class=\"elementor-element elementor-element-5f4adcc elementor-widget elementor-widget-heading\" data-id=\"5f4adcc\" data-element_type=\"widget\" data-widget_type=\"heading.default\">\n\t\t\t\t<div class=\"elementor-widget-container\">\n\t\t\t\t\t<h4 class=\"elementor-heading-title elementor-size-default\">Soziales Engagement<\/h4>\t\t\t\t<\/div>\n\t\t\t\t<\/div>\n\t\t\t\t\t<\/div>\n\t\t<\/div>\n\t\t\t\t\t<\/div>\n\t\t<\/section>\n\t\t\t\t<section class=\"elementor-section elementor-top-section elementor-element elementor-element-d565e52 elementor-section-boxed elementor-section-height-default elementor-section-height-default\" data-id=\"d565e52\" data-element_type=\"section\">\n\t\t\t\t\t\t<div class=\"elementor-container elementor-column-gap-default\">\n\t\t\t\t\t<div class=\"elementor-column elementor-col-25 elementor-top-column elementor-element elementor-element-b983e77\" data-id=\"b983e77\" data-element_type=\"column\">\n\t\t\t<div class=\"elementor-widget-wrap elementor-element-populated\">\n\t\t\t\t\t\t<div class=\"elementor-element elementor-element-bb82426 elementor-position-top elementor-widget elementor-widget-image-box\" data-id=\"bb82426\" data-element_type=\"widget\" data-widget_type=\"image-box.default\">\n\t\t\t\t<div class=\"elementor-widget-container\">\n\t\t\t\t\t<div class=\"elementor-image-box-wrapper\"><figure class=\"elementor-image-box-img\"><a href=\"http:\/\/www.muhilfreunde.de\" tabindex=\"-1\"><img loading=\"lazy\" decoding=\"async\" width=\"304\" height=\"277\" src=\"https:\/\/ECO-Schuhe.de\/wp-content\/uploads\/2018\/01\/muhil-1.jpg\" class=\"attachment-full size-full wp-image-4571\" alt=\"\" srcset=\"http:\/\/ECO-Schuhe.de\/wp-content\/uploads\/2018\/01\/muhil-1.jpg 304w, http:\/\/ECO-Schuhe.de\/wp-content\/uploads\/2018\/01\/muhil-1-300x273.jpg 300w\" sizes=\"(max-width: 304px) 100vw, 304px\" \/><\/a><\/figure><div class=\"elementor-image-box-content\"><h3 class=\"elementor-image-box-title\"><a href=\"http:\/\/www.muhilfreunde.de\">Freundeskreis MUHIL e.V.<\/a><\/h3><p class=\"elementor-image-box-description\">Am Volkereck 8<br>\n76857 V\u00f6lkersweiler<br>\n<br>\nSpendenkonto 350 611 00<br>\nSparkasse S\u00dcW Landau 548 500 10<br><\/p><\/div><\/div>\t\t\t\t<\/div>\n\t\t\t\t<\/div>\n\t\t\t\t\t<\/div>\n\t\t<\/div>\n\t\t\t\t<div class=\"elementor-column elementor-col-25 elementor-top-column elementor-element elementor-element-281b25f\" data-id=\"281b25f\" data-element_type=\"column\">\n\t\t\t<div class=\"elementor-widget-wrap elementor-element-populated\">\n\t\t\t\t\t\t<div class=\"elementor-element elementor-element-adb3295 elementor-position-top elementor-widget elementor-widget-image-box\" data-id=\"adb3295\" data-element_type=\"widget\" data-widget_type=\"image-box.default\">\n\t\t\t\t<div class=\"elementor-widget-container\">\n\t\t\t\t\t<div class=\"elementor-image-box-wrapper\"><figure class=\"elementor-image-box-img\"><a href=\"http:\/\/www.regenbogen-kinderhilfe.de\" tabindex=\"-1\"><img loading=\"lazy\" decoding=\"async\" width=\"235\" height=\"145\" src=\"https:\/\/ECO-Schuhe.de\/wp-content\/uploads\/2018\/01\/regenbogen-kinderhilfe-1.gif\" class=\"attachment-full size-full wp-image-4572\" alt=\"\" \/><\/a><\/figure><div class=\"elementor-image-box-content\"><h3 class=\"elementor-image-box-title\"><a href=\"http:\/\/www.regenbogen-kinderhilfe.de\">Regenbogen Kinderhilfe e.V<\/a><\/h3><p class=\"elementor-image-box-description\">Erlenbrunner-Stra\u00dfe 51<br>\n66955 Pirmasens<br>\n<br>\nSpendenkonten:<br>\nSparkasse S\u00fcdwestpfalz Pirmasens<br>\nIBAN: DE10 5425 0010 0000 0600 04\n<br><br>\nVR Bank Pirmasens<br>\nIBAN: DE13 5426 1700 0005 4060 80<br><\/p><\/div><\/div>\t\t\t\t<\/div>\n\t\t\t\t<\/div>\n\t\t\t\t\t<\/div>\n\t\t<\/div>\n\t\t\t\t<div class=\"elementor-column elementor-col-25 elementor-top-column elementor-element elementor-element-a5aa696\" data-id=\"a5aa696\" data-element_type=\"column\">\n\t\t\t<div class=\"elementor-widget-wrap elementor-element-populated\">\n\t\t\t\t\t\t<div class=\"elementor-element elementor-element-4784862 elementor-position-top elementor-widget elementor-widget-image-box\" data-id=\"4784862\" data-element_type=\"widget\" data-widget_type=\"image-box.default\">\n\t\t\t\t<div class=\"elementor-widget-container\">\n\t\t\t\t\t<div class=\"elementor-image-box-wrapper\"><figure class=\"elementor-image-box-img\"><a href=\"http:\/\/www.entwicklung-hilft.de\" tabindex=\"-1\"><img loading=\"lazy\" decoding=\"async\" width=\"334\" height=\"144\" src=\"https:\/\/ECO-Schuhe.de\/wp-content\/uploads\/2018\/01\/buendnis-1.jpg\" class=\"attachment-full size-full wp-image-4573\" alt=\"\" srcset=\"http:\/\/ECO-Schuhe.de\/wp-content\/uploads\/2018\/01\/buendnis-1.jpg 334w, http:\/\/ECO-Schuhe.de\/wp-content\/uploads\/2018\/01\/buendnis-1-300x129.jpg 300w\" sizes=\"(max-width: 334px) 100vw, 334px\" \/><\/a><\/figure><div class=\"elementor-image-box-content\"><h3 class=\"elementor-image-box-title\"><a href=\"http:\/\/www.entwicklung-hilft.de\">B\u00fcndnis Entwicklung Hilft e.V.<\/a><\/h3><p class=\"elementor-image-box-description\">Chausseestra\u00dfe 128\/129<br>\n10115 Berlin\n<br><br>\nBank f\u00fcr Sozialwirtschaft<br>\nSpendenkonto 5151<br>\nBLZ 370 205 00<br><\/p><\/div><\/div>\t\t\t\t<\/div>\n\t\t\t\t<\/div>\n\t\t\t\t\t<\/div>\n\t\t<\/div>\n\t\t\t\t<div class=\"elementor-column elementor-col-25 elementor-top-column elementor-element elementor-element-75c2064\" data-id=\"75c2064\" data-element_type=\"column\">\n\t\t\t<div class=\"elementor-widget-wrap elementor-element-populated\">\n\t\t\t\t\t\t<div class=\"elementor-element elementor-element-1da52eb elementor-widget elementor-widget-text-editor\" data-id=\"1da52eb\" data-element_type=\"widget\" data-widget_type=\"text-editor.default\">\n\t\t\t\t<div class=\"elementor-widget-container\">\n\t\t\t\t\t\t\t\t\t<h3><strong>Aktion Afrika e.V.<\/strong><\/h3><p>Queichstra\u00dfe 13<br \/>76846 Hauenstein<\/p><p>Volksbank Dahn<br \/>Spendenkonto 120 792 0<br \/>BLZ 542 912 00<\/p>\t\t\t\t\t\t\t\t<\/div>\n\t\t\t\t<\/div>\n\t\t\t\t\t<\/div>\n\t\t<\/div>\n\t\t\t\t\t<\/div>\n\t\t<\/section>\n\t\t\t\t<section class=\"elementor-section elementor-top-section elementor-element elementor-element-3b7f9d3 elementor-section-boxed elementor-section-height-default elementor-section-height-default\" data-id=\"3b7f9d3\" data-element_type=\"section\">\n\t\t\t\t\t\t<div class=\"elementor-container elementor-column-gap-default\">\n\t\t\t\t\t<div class=\"elementor-column elementor-col-100 elementor-top-column elementor-element elementor-element-587c6cc\" data-id=\"587c6cc\" data-element_type=\"column\">\n\t\t\t<div class=\"elementor-widget-wrap elementor-element-populated\">\n\t\t\t\t\t\t<div class=\"elementor-element elementor-element-c01abd9 elementor-widget elementor-widget-spacer\" data-id=\"c01abd9\" data-element_type=\"widget\" data-widget_type=\"spacer.default\">\n\t\t\t\t<div class=\"elementor-widget-container\">\n\t\t\t\t\t\t\t<div class=\"elementor-spacer\">\n\t\t\t<div class=\"elementor-spacer-inner\"><\/div>\n\t\t<\/div>\n\t\t\t\t\t\t<\/div>\n\t\t\t\t<\/div>\n\t\t\t\t\t<\/div>\n\t\t<\/div>\n\t\t\t\t\t<\/div>\n\t\t<\/section>\n\t\t\t\t<\/div>\n\t\t","protected":false},"excerpt":{"rendered":"<p>Daten &#038; Fakten Die Firma Eco-Schuhe wurde 1976 von Monika und Hartmut St\u00f6\u00df gegr\u00fcndet.Beide stammen aus traditionellen Schuhfamilien der Schuhregion Pirmasens. Inhaber:Kerstin Debnar Sitz des Unternehmens:Schlo\u00dfstra\u00dfe 27, 67714 WaldfischbachTelefon: +49 6333\/955044FAX: +49 6333\/4517Email: info@eco-schuhe.de Gesch\u00e4ftsf\u00fchrerin:Kerstin Debnar Mitarbeiter:Rund 70 Besch\u00e4ftigte Filialen:5 Filialen in Baden-W\u00fcrttemberg Geschichte 1976 Gr\u00fcndung der Firma ECO-Schuhe in Waldfischbach -Burgalben. 1985 Er\u00f6ffnung der &hellip;<\/p>\n","protected":false},"author":2,"featured_media":0,"parent":0,"menu_order":0,"comment_status":"closed","ping_status":"closed","template":"","meta":{"footnotes":""},"class_list":["post-4567","page","type-page","status-publish","hentry","no-thumb"],"_links":{"self":[{"href":"https:\/\/ECO-Schuhe.de\/index.php?rest_route=\/wp\/v2\/pages\/4567","targetHints":{"allow":["GET"]}}],"collection":[{"href":"https:\/\/ECO-Schuhe.de\/index.php?rest_route=\/wp\/v2\/pages"}],"about":[{"href":"https:\/\/ECO-Schuhe.de\/index.php?rest_route=\/wp\/v2\/types\/page"}],"author":[{"embeddable":true,"href":"https:\/\/ECO-Schuhe.de\/index.php?rest_route=\/wp\/v2\/users\/2"}],"replies":[{"embeddable":true,"href":"https:\/\/ECO-Schuhe.de\/index.php?rest_route=%2Fwp%2Fv2%2Fcomments&post=4567"}],"version-history":[{"count":0,"href":"https:\/\/ECO-Schuhe.de\/index.php?rest_route=\/wp\/v2\/pages\/4567\/revisions"}],"wp:attachment":[{"href":"https:\/\/ECO-Schuhe.de\/index.php?rest_route=%2Fwp%2Fv2%2Fmedia&parent=4567"}],"curies":[{"name":"wp","href":"https:\/\/api.w.org\/{rel}","templated":true}]}}