{"id":4612,"date":"2018-01-12T15:15:18","date_gmt":"2018-01-12T15:15:18","guid":{"rendered":"http:\/\/www.eco-schuhe.de\/?page_id=4612"},"modified":"2018-01-12T15:15:18","modified_gmt":"2018-01-12T15:15:18","slug":"impressum","status":"publish","type":"page","link":"https:\/\/ECO-Schuhe.de\/?page_id=4612","title":{"rendered":"Impressum"},"content":{"rendered":"<p>Eco Schuhe<br \/>\nSchuhe.de<br \/>\nEco Schuhe<\/p>\n<p>Angaben gem\u00e4\u00df \u00a7 5 TMG:<\/p>\n<p><b>Eco Schuhe GmbH<\/b><br \/>\nSchlo\u00dfstra\u00dfe 27<br \/>\n67714 Waldfischbach \u2013 Burgalben<\/p>\n<p><b>Vertreten durch:<br \/>\n<\/b><br \/>\nGesch\u00e4ftf\u00fchrerin Kerstin Debnar<\/p>\n<p><b>Kontakt:<\/b><\/p>\n<p>Telefon: +49 (0) 6333 \/ 95 50 44<br \/>\nTelefax: +49 (0) 6333 \/ 45 17<\/p>\n<p>E-Mail: info@eco-schuhe.de<\/p>\n<p><b>Registereintrag:<\/b><br \/>\nEintragung im Handelsregister.<br \/>\nRegistergericht: Amtsgericht Zweibr\u00fccken<br \/>\nRegisternummer: HRB 22848<\/p>\n<p><b>Umsatzsteuer-ID:<\/b><br \/>\nUmsatzsteuer-Identifikationsnummer gem\u00e4\u00df \u00a727 a Umsatzsteuergesetz:<br \/>\nDE 159 018 447<\/p>\n<p>Quelle: erstellt mit dem Impressum-Generator Gesellschaft mit beschr\u00e4nkter Haftung<br \/>\n(GmbH) von eRecht24.<\/p>\n<p><b>Haftungsausschluss<\/b>:<\/p>\n<p><strong>Haftung f\u00fcr Inhalte<\/strong><br \/>\nDie Inhalte unserer Seiten wurden mit gr\u00f6\u00dfter Sorgfalt erstellt. F\u00fcr die Richtigkeit, Vollst\u00e4ndigkeit und<br \/>\nAktualit\u00e4t der Inhalte k\u00f6nnen wir jedoch keine Gew\u00e4hr \u00fcbernehmen. Als Diensteanbieter sind wir gem\u00e4\u00df \u00a7 7<br \/>\nAbs.1 TMG f\u00fcr eigene Inhalte auf diesen Seiten nach den allgemeinen Gesetzen verantwortlich. Nach \u00a7\u00a7 8 bis<br \/>\n10 TMG sind wir als Diensteanbieter jedoch nicht verpflichtet, \u00fcbermittelte oder gespeicherte fremde<br \/>\nInformationen zu \u00fcberwachen oder nach Umst\u00e4nden zu forschen, die auf eine rechtswidrige T\u00e4tigkeit<br \/>\nhinweisen. Verpflichtungen zur Entfernung oder Sperrung der Nutzung von Informationen nach den<br \/>\nallgemeinen Gesetzen bleiben hiervon unber\u00fchrt. Eine diesbez\u00fcgliche Haftung ist jedoch erst ab dem Zeitpunkt<br \/>\nder Kenntnis einer konkreten Rechtsverletzung m\u00f6glich. Bei Bekanntwerden von entsprechenden<br \/>\nRechtsverletzungen werden wir diese Inhalte umgehend entfernen.<\/p>\n<p><strong>Haftung f\u00fcr Links<\/strong><br \/>\nUnser Angebot enth\u00e4lt Links zu externen Webseiten Dritter, auf deren Inhalte wir keinen Einfluss haben.<br \/>\nDeshalb k\u00f6nnen wir f\u00fcr diese fremden Inhalte auch keine Gew\u00e4hr \u00fcbernehmen. F\u00fcr die Inhalte der verlinkten<br \/>\nSeiten ist stets der jeweilige Anbieter oder Betreiber der Seiten verantwortlich. Die verlinkten Seiten wurden<br \/>\nzum Zeitpunkt der Verlinkung auf m\u00f6gliche Rechtsverst\u00f6\u00dfe \u00fcberpr\u00fcft. Rechtswidrige Inhalte waren zum<br \/>\nZeitpunkt der Verlinkung nicht erkennbar. Eine permanente inhaltliche Kontrolle der verlinkten Seiten ist<br \/>\njedoch ohne konkrete Anhaltspunkte einer Rechtsverletzung nicht zumutbar. Bei Bekanntwerden von<br \/>\nRechtsverletzungen werden wir derartige Links umgehend entfernen.<\/p>\n<p><strong>Urheberrecht<\/strong><br \/>\nDie durch die Seitenbetreiber erstellten Inhalte und Werke auf diesen Seiten unterliegen dem deutschen<br \/>\nUrheberrecht. Die Vervielf\u00e4ltigung, Bearbeitung, Verbreitung und jede Art der Verwertung au\u00dferhalb der<br \/>\nGrenzen des Urheberrechtes bed\u00fcrfen der schriftlichen Zustimmung des jeweiligen Autors bzw. Erstellers.<br \/>\nDownloads und Kopien dieser Seite sind nur f\u00fcr den privaten, nicht kommerziellen Gebrauch gestattet. Soweit<br \/>\ndie Inhalte auf dieser Seite nicht vom Betreiber erstellt wurden, werden die Urheberrechte Dritter beachtet.<br \/>\nInsbesondere werden Inhalte Dritter als solche gekennzeichnet. Sollten Sie trotzdem auf eine<br \/>\nUrheberrechtsverletzung aufmerksam werden, bitten wir um einen entsprechenden Hinweis. Bei<br \/>\nBekanntwerden von Rechtsverletzungen werden wir derartige Inhalte umgehend entfernen.<\/p>\n<p><a href=\"http:\/\/www.eco-schuhe.de\/datenschutzerklaerung\/ \u200e\"><strong>Datenschutz<\/strong><\/a><\/p>\n","protected":false},"excerpt":{"rendered":"<p>Eco Schuhe Schuhe.de Eco Schuhe Angaben gem\u00e4\u00df \u00a7 5 TMG: Eco Schuhe GmbH Schlo\u00dfstra\u00dfe 27 67714 Waldfischbach \u2013 Burgalben Vertreten durch: Gesch\u00e4ftf\u00fchrerin Kerstin Debnar Kontakt: Telefon: +49 (0) 6333 \/ 95 50 44 Telefax: +49 (0) 6333 \/ 45 17 E-Mail: info@eco-schuhe.de Registereintrag: Eintragung im Handelsregister. Registergericht: Amtsgericht Zweibr\u00fccken Registernummer: HRB 22848 Umsatzsteuer-ID: Umsatzsteuer-Identifikationsnummer gem\u00e4\u00df &hellip;<\/p>\n","protected":false},"author":2,"featured_media":0,"parent":4567,"menu_order":0,"comment_status":"closed","ping_status":"closed","template":"","meta":{"footnotes":""},"class_list":["post-4612","page","type-page","status-publish","hentry","no-thumb"],"_links":{"self":[{"href":"https:\/\/ECO-Schuhe.de\/index.php?rest_route=\/wp\/v2\/pages\/4612","targetHints":{"allow":["GET"]}}],"collection":[{"href":"https:\/\/ECO-Schuhe.de\/index.php?rest_route=\/wp\/v2\/pages"}],"about":[{"href":"https:\/\/ECO-Schuhe.de\/index.php?rest_route=\/wp\/v2\/types\/page"}],"author":[{"embeddable":true,"href":"https:\/\/ECO-Schuhe.de\/index.php?rest_route=\/wp\/v2\/users\/2"}],"replies":[{"embeddable":true,"href":"https:\/\/ECO-Schuhe.de\/index.php?rest_route=%2Fwp%2Fv2%2Fcomments&post=4612"}],"version-history":[{"count":0,"href":"https:\/\/ECO-Schuhe.de\/index.php?rest_route=\/wp\/v2\/pages\/4612\/revisions"}],"up":[{"embeddable":true,"href":"https:\/\/ECO-Schuhe.de\/index.php?rest_route=\/wp\/v2\/pages\/4567"}],"wp:attachment":[{"href":"https:\/\/ECO-Schuhe.de\/index.php?rest_route=%2Fwp%2Fv2%2Fmedia&parent=4612"}],"curies":[{"name":"wp","href":"https:\/\/api.w.org\/{rel}","templated":true}]}}