{"id":4653,"date":"2018-01-15T07:56:51","date_gmt":"2018-01-15T07:56:51","guid":{"rendered":"http:\/\/www.eco-schuhe.de\/?page_id=4653"},"modified":"2018-01-15T07:56:51","modified_gmt":"2018-01-15T07:56:51","slug":"renningen","status":"publish","type":"page","link":"https:\/\/ECO-Schuhe.de\/?page_id=4653","title":{"rendered":"Renningen"},"content":{"rendered":"\t\t<div data-elementor-type=\"wp-page\" data-elementor-id=\"4653\" class=\"elementor elementor-4653\">\n\t\t\t\t\t\t<section class=\"elementor-section elementor-top-section elementor-element elementor-element-81193e7 elementor-section-boxed elementor-section-height-default elementor-section-height-default\" data-id=\"81193e7\" data-element_type=\"section\">\n\t\t\t\t\t\t<div class=\"elementor-container elementor-column-gap-default\">\n\t\t\t\t\t<div class=\"elementor-column elementor-col-100 elementor-top-column elementor-element elementor-element-4472b1f\" data-id=\"4472b1f\" data-element_type=\"column\">\n\t\t\t<div class=\"elementor-widget-wrap elementor-element-populated\">\n\t\t\t\t\t\t<div class=\"elementor-element elementor-element-176e4d4 elementor-widget elementor-widget-spacer\" data-id=\"176e4d4\" data-element_type=\"widget\" data-widget_type=\"spacer.default\">\n\t\t\t\t<div class=\"elementor-widget-container\">\n\t\t\t\t\t\t\t<div class=\"elementor-spacer\">\n\t\t\t<div class=\"elementor-spacer-inner\"><\/div>\n\t\t<\/div>\n\t\t\t\t\t\t<\/div>\n\t\t\t\t<\/div>\n\t\t\t\t\t<\/div>\n\t\t<\/div>\n\t\t\t\t\t<\/div>\n\t\t<\/section>\n\t\t\t\t<section class=\"elementor-section elementor-top-section elementor-element elementor-element-5a04 elementor-section-full_width elementor-section-height-default elementor-section-height-default\" data-id=\"5a04\" data-element_type=\"section\">\n\t\t\t\t\t\t<div class=\"elementor-container elementor-column-gap-default\">\n\t\t\t\t\t<div class=\"elementor-column elementor-col-33 elementor-top-column elementor-element elementor-element-6e24\" data-id=\"6e24\" data-element_type=\"column\">\n\t\t\t<div class=\"elementor-widget-wrap elementor-element-populated\">\n\t\t\t\t\t\t<div class=\"elementor-element elementor-element-ca6 elementor-widget elementor-widget-image\" data-id=\"ca6\" data-element_type=\"widget\" data-widget_type=\"image.default\">\n\t\t\t\t<div class=\"elementor-widget-container\">\n\t\t\t\t\t\t\t\t\t\t\t\t\t\t\t<img fetchpriority=\"high\" decoding=\"async\" width=\"300\" height=\"225\" src=\"https:\/\/ECO-Schuhe.de\/wp-content\/uploads\/2018\/01\/renningen-1.jpg\" class=\"attachment-medium size-medium wp-image-4655\" alt=\"\" \/>\t\t\t\t\t\t\t\t\t\t\t\t\t\t\t<\/div>\n\t\t\t\t<\/div>\n\t\t\t\t\t<\/div>\n\t\t<\/div>\n\t\t\t\t<div class=\"elementor-column elementor-col-33 elementor-top-column elementor-element elementor-element-1bb7\" data-id=\"1bb7\" data-element_type=\"column\">\n\t\t\t<div class=\"elementor-widget-wrap elementor-element-populated\">\n\t\t\t\t\t\t<div class=\"elementor-element elementor-element-1f07 elementor-widget elementor-widget-text-editor\" data-id=\"1f07\" data-element_type=\"widget\" data-widget_type=\"text-editor.default\">\n\t\t\t\t<div class=\"elementor-widget-container\">\n\t\t\t\t\t\t\t\t\t<p><strong>Willkommen bei ECO-Schuhe in Renningen<br><\/strong>Weil der St\u00e4dterstra\u00dfe 51<br>71272 Renningen<\/p>\n<p><strong>Frau Hummel und Ihr Team freuen sich auf Sie!<br><\/strong>\u00d6ffnungszeiten:<\/p>\n<table width=\"163\" border=\"0\">\n<tbody>\n<tr>\n<td>Mo. \u2013 Fr.<\/td>\n<td>09:00 \u2013 18:00<\/td>\n<\/tr>\n<tr>\n<td>Sa.<\/td>\n<td>10:00 \u2013 16:00<\/td>\n<\/tr>\n<\/tbody>\n<\/table>\n<p><strong>Lange Einkaufsnacht:<\/strong><\/p>\n<p><strong>Verkaufsoffener Sonntag:<\/strong><\/p>\n<p><\/p>\t\t\t\t\t\t\t\t<\/div>\n\t\t\t\t<\/div>\n\t\t\t\t\t<\/div>\n\t\t<\/div>\n\t\t\t\t<div class=\"elementor-column elementor-col-33 elementor-top-column elementor-element elementor-element-208c\" data-id=\"208c\" data-element_type=\"column\">\n\t\t\t<div class=\"elementor-widget-wrap elementor-element-populated\">\n\t\t\t\t\t\t<div class=\"elementor-element elementor-element-94c elementor-widget elementor-widget-google_maps\" data-id=\"94c\" data-element_type=\"widget\" data-widget_type=\"google_maps.default\">\n\t\t\t\t<div class=\"elementor-widget-container\">\n\t\t\t\t\t\t\t<div class=\"elementor-custom-embed\">\n\t\t\t<iframe loading=\"lazy\"\n\t\t\t\t\tsrc=\"https:\/\/maps.google.com\/maps?q=Eco%20Schuhe%20GmbH%2C%20Weil%20der%20St%C3%A4dterstra%C3%9Fe%2051%2C%2071272%20Renningen&#038;t=m&#038;z=16&#038;output=embed&#038;iwloc=near\"\n\t\t\t\t\ttitle=\"Eco Schuhe GmbH, Weil der St\u00e4dterstra\u00dfe 51, 71272 Renningen\"\n\t\t\t\t\taria-label=\"Eco Schuhe GmbH, Weil der St\u00e4dterstra\u00dfe 51, 71272 Renningen\"\n\t\t\t><\/iframe>\n\t\t<\/div>\n\t\t\t\t\t\t<\/div>\n\t\t\t\t<\/div>\n\t\t\t\t\t<\/div>\n\t\t<\/div>\n\t\t\t\t\t<\/div>\n\t\t<\/section>\n\t\t\t\t<section class=\"elementor-section elementor-top-section elementor-element elementor-element-50c69f2 elementor-section-boxed elementor-section-height-default elementor-section-height-default\" data-id=\"50c69f2\" data-element_type=\"section\">\n\t\t\t\t\t\t<div class=\"elementor-container elementor-column-gap-default\">\n\t\t\t\t\t<div class=\"elementor-column elementor-col-100 elementor-top-column elementor-element elementor-element-3f39057\" data-id=\"3f39057\" data-element_type=\"column\">\n\t\t\t<div class=\"elementor-widget-wrap elementor-element-populated\">\n\t\t\t\t\t\t<div class=\"elementor-element elementor-element-6128384 elementor-widget elementor-widget-spacer\" data-id=\"6128384\" data-element_type=\"widget\" data-widget_type=\"spacer.default\">\n\t\t\t\t<div class=\"elementor-widget-container\">\n\t\t\t\t\t\t\t<div class=\"elementor-spacer\">\n\t\t\t<div class=\"elementor-spacer-inner\"><\/div>\n\t\t<\/div>\n\t\t\t\t\t\t<\/div>\n\t\t\t\t<\/div>\n\t\t\t\t\t<\/div>\n\t\t<\/div>\n\t\t\t\t\t<\/div>\n\t\t<\/section>\n\t\t\t\t<section class=\"elementor-section elementor-top-section elementor-element elementor-element-39dd95f elementor-section-boxed elementor-section-height-default elementor-section-height-default\" data-id=\"39dd95f\" data-element_type=\"section\">\n\t\t\t\t\t\t<div class=\"elementor-container elementor-column-gap-default\">\n\t\t\t\t\t<div class=\"elementor-column elementor-col-100 elementor-top-column elementor-element elementor-element-9bd98cc\" data-id=\"9bd98cc\" data-element_type=\"column\">\n\t\t\t<div class=\"elementor-widget-wrap elementor-element-populated\">\n\t\t\t\t\t\t<div class=\"elementor-element elementor-element-6f74973 elementor-widget elementor-widget-spacer\" data-id=\"6f74973\" data-element_type=\"widget\" data-widget_type=\"spacer.default\">\n\t\t\t\t<div class=\"elementor-widget-container\">\n\t\t\t\t\t\t\t<div class=\"elementor-spacer\">\n\t\t\t<div class=\"elementor-spacer-inner\"><\/div>\n\t\t<\/div>\n\t\t\t\t\t\t<\/div>\n\t\t\t\t<\/div>\n\t\t\t\t\t<\/div>\n\t\t<\/div>\n\t\t\t\t\t<\/div>\n\t\t<\/section>\n\t\t\t\t<\/div>\n\t\t","protected":false},"excerpt":{"rendered":"<p>Willkommen bei ECO-Schuhe in RenningenWeil der St\u00e4dterstra\u00dfe 5171272 Renningen Frau Hummel und Ihr Team freuen sich auf Sie!\u00d6ffnungszeiten: Mo. \u2013 Fr. 09:00 \u2013 18:00 Sa. 10:00 \u2013 16:00 Lange Einkaufsnacht: Verkaufsoffener Sonntag:<\/p>\n","protected":false},"author":2,"featured_media":0,"parent":4668,"menu_order":0,"comment_status":"closed","ping_status":"closed","template":"","meta":{"footnotes":""},"class_list":["post-4653","page","type-page","status-publish","hentry","no-thumb"],"_links":{"self":[{"href":"https:\/\/ECO-Schuhe.de\/index.php?rest_route=\/wp\/v2\/pages\/4653","targetHints":{"allow":["GET"]}}],"collection":[{"href":"https:\/\/ECO-Schuhe.de\/index.php?rest_route=\/wp\/v2\/pages"}],"about":[{"href":"https:\/\/ECO-Schuhe.de\/index.php?rest_route=\/wp\/v2\/types\/page"}],"author":[{"embeddable":true,"href":"https:\/\/ECO-Schuhe.de\/index.php?rest_route=\/wp\/v2\/users\/2"}],"replies":[{"embeddable":true,"href":"https:\/\/ECO-Schuhe.de\/index.php?rest_route=%2Fwp%2Fv2%2Fcomments&post=4653"}],"version-history":[{"count":0,"href":"https:\/\/ECO-Schuhe.de\/index.php?rest_route=\/wp\/v2\/pages\/4653\/revisions"}],"up":[{"embeddable":true,"href":"https:\/\/ECO-Schuhe.de\/index.php?rest_route=\/wp\/v2\/pages\/4668"}],"wp:attachment":[{"href":"https:\/\/ECO-Schuhe.de\/index.php?rest_route=%2Fwp%2Fv2%2Fmedia&parent=4653"}],"curies":[{"name":"wp","href":"https:\/\/api.w.org\/{rel}","templated":true}]}}